{"id":2,"date":"2015-12-20T09:58:08","date_gmt":"2015-12-20T09:58:08","guid":{"rendered":"http:\/\/4dent.ro\/?page_id=2"},"modified":"2015-12-20T09:58:08","modified_gmt":"2015-12-20T09:58:08","slug":"pagina-exemplu","status":"publish","type":"page","link":"http:\/\/4dent.ro\/en\/pagina-exemplu\/","title":{"rendered":"Pagin\u0103 exemplu"},"content":{"rendered":"<p>Aceasta este o pagin\u0103 exemplu. Este diferit\u0103 de un articol deoarece va r\u0103m\u00e2ne \u00een acela\u0219i loc \u0219i va ap\u0103rea \u00een navigarea sitului t\u0103u (\u00een majoritatea temelor). Multe persoane vor \u00eencepe cu o pagin\u0103 denumit\u0103 &#8222;Despre&#8221; care va con\u021bine o descriere pentru poten\u021bialii vizitatori. Ai putea spune ceva de genul:\\n<br \/>\n\\n<\/p>\n<blockquote><p>Salut! Ziua sunt curier, iar noaptea actor \u00een devenire, acesta este blogul meu. Locuiesc \u00een Cluj, am un c\u00e2ine flocos pe nume Bruno \u0219i \u00eemi place vinul ro\u0219u. (\u00cemi mai place s\u0103 m\u0103 plimb prin ploaie).<\/p><\/blockquote>\n<p>\\n<br \/>\n\\n<br \/>\n&#8230;sau ceva de genul acesta: \\n<br \/>\n\\n<\/p>\n<blockquote><p>Fabrica Juc\u0103ria a fost fondat\u0103 \u00een anul 1971 \u0219i ofer\u0103 juc\u0103rii de calitate de peste 40 de ani. Cu sediul \u00een Ora\u0219ul Minunilor \u0219i peste 2000 de angaja\u021bi, Juc\u0103ria ajut\u0103 ca nicio alt\u0103 compania comunitatea din Ora\u0219ul Minunilor.<\/p><\/blockquote>\n<p>\\n<br \/>\n\\n<br \/>\nCa utilizator nou de WordPress, ar trebui s\u0103 intri \u00een <a href=\"http:\/\/4dent.ro\/wp-admin\/\">panoul de control<\/a>, s\u0103 \u0219tergi aceast\u0103 pagin\u0103 \u0219i s\u0103 creezi pagini noi. Spor s\u0103 ai!<\/p>\n","protected":false},"excerpt":{"rendered":"<p>Aceasta este o pagin\u0103 exemplu. Este diferit\u0103 de un articol deoarece va r\u0103m\u00e2ne \u00een acela\u0219i loc \u0219i va ap\u0103rea \u00een navigarea sitului t\u0103u (\u00een majoritatea temelor). Multe persoane vor \u00eencepe cu o pagin\u0103 denumit\u0103 &#8222;Despre&#8221; care va con\u021bine o descriere pentru poten\u021bialii vizitatori. Ai putea spune ceva de genul:\\n \\n Salut! Ziua sunt curier, iar [&hellip;]<\/p>\n","protected":false},"author":1,"featured_media":0,"parent":0,"menu_order":0,"comment_status":"closed","ping_status":"open","template":"","meta":{"footnotes":""},"class_list":["post-2","page","type-page","status-publish","hentry"],"yoast_head":"<!-- This site is optimized with the Yoast SEO plugin v20.9 - https:\/\/yoast.com\/wordpress\/plugins\/seo\/ -->\n<title>Pagin\u0103 exemplu - 4dent.ro<\/title>\n<meta name=\"robots\" content=\"index, follow, max-snippet:-1, max-image-preview:large, max-video-preview:-1\" \/>\n<link rel=\"canonical\" href=\"http:\/\/4dent.ro\/pagina-exemplu\/\" \/>\n<meta property=\"og:locale\" content=\"en_US\" \/>\n<meta property=\"og:type\" content=\"article\" \/>\n<meta property=\"og:title\" content=\"Pagin\u0103 exemplu - 4dent.ro\" \/>\n<meta property=\"og:description\" content=\"Aceasta este o pagin\u0103 exemplu. Este diferit\u0103 de un articol deoarece va r\u0103m\u00e2ne \u00een acela\u0219i loc \u0219i va ap\u0103rea \u00een navigarea sitului t\u0103u (\u00een majoritatea temelor). Multe persoane vor \u00eencepe cu o pagin\u0103 denumit\u0103 &#8222;Despre&#8221; care va con\u021bine o descriere pentru poten\u021bialii vizitatori. Ai putea spune ceva de genul:n n Salut! Ziua sunt curier, iar [&hellip;]\" \/>\n<meta property=\"og:url\" content=\"http:\/\/4dent.ro\/pagina-exemplu\/\" \/>\n<meta property=\"og:site_name\" content=\"4dent.ro\" \/>\n<meta name=\"twitter:card\" content=\"summary_large_image\" \/>\n<meta name=\"twitter:label1\" content=\"Est. reading time\" \/>\n\t<meta name=\"twitter:data1\" content=\"1 minute\" \/>\n<script type=\"application\/ld+json\" class=\"yoast-schema-graph\">{\"@context\":\"https:\/\/schema.org\",\"@graph\":[{\"@type\":\"WebPage\",\"@id\":\"http:\/\/4dent.ro\/pagina-exemplu\/\",\"url\":\"http:\/\/4dent.ro\/pagina-exemplu\/\",\"name\":\"Pagin\u0103 exemplu - 4dent.ro\",\"isPartOf\":{\"@id\":\"http:\/\/4dent.ro\/#website\"},\"datePublished\":\"2015-12-20T09:58:08+00:00\",\"dateModified\":\"2015-12-20T09:58:08+00:00\",\"breadcrumb\":{\"@id\":\"http:\/\/4dent.ro\/pagina-exemplu\/#breadcrumb\"},\"inLanguage\":\"en-US\",\"potentialAction\":[{\"@type\":\"ReadAction\",\"target\":[\"http:\/\/4dent.ro\/pagina-exemplu\/\"]}]},{\"@type\":\"BreadcrumbList\",\"@id\":\"http:\/\/4dent.ro\/pagina-exemplu\/#breadcrumb\",\"itemListElement\":[{\"@type\":\"ListItem\",\"position\":1,\"name\":\"Prima pagin\u0103\",\"item\":\"http:\/\/4dent.ro\/\"},{\"@type\":\"ListItem\",\"position\":2,\"name\":\"Pagin\u0103 exemplu\"}]},{\"@type\":\"WebSite\",\"@id\":\"http:\/\/4dent.ro\/#website\",\"url\":\"http:\/\/4dent.ro\/\",\"name\":\"4dent.ro\",\"description\":\"Pentru un zambet stralucitor!\",\"potentialAction\":[{\"@type\":\"SearchAction\",\"target\":{\"@type\":\"EntryPoint\",\"urlTemplate\":\"http:\/\/4dent.ro\/?s={search_term_string}\"},\"query-input\":\"required name=search_term_string\"}],\"inLanguage\":\"en-US\"}]}<\/script>\n<!-- \/ Yoast SEO plugin. -->","yoast_head_json":{"title":"Pagin\u0103 exemplu - 4dent.ro","robots":{"index":"index","follow":"follow","max-snippet":"max-snippet:-1","max-image-preview":"max-image-preview:large","max-video-preview":"max-video-preview:-1"},"canonical":"http:\/\/4dent.ro\/pagina-exemplu\/","og_locale":"en_US","og_type":"article","og_title":"Pagin\u0103 exemplu - 4dent.ro","og_description":"Aceasta este o pagin\u0103 exemplu. Este diferit\u0103 de un articol deoarece va r\u0103m\u00e2ne \u00een acela\u0219i loc \u0219i va ap\u0103rea \u00een navigarea sitului t\u0103u (\u00een majoritatea temelor). Multe persoane vor \u00eencepe cu o pagin\u0103 denumit\u0103 &#8222;Despre&#8221; care va con\u021bine o descriere pentru poten\u021bialii vizitatori. Ai putea spune ceva de genul:n n Salut! Ziua sunt curier, iar [&hellip;]","og_url":"http:\/\/4dent.ro\/pagina-exemplu\/","og_site_name":"4dent.ro","twitter_card":"summary_large_image","twitter_misc":{"Est. reading time":"1 minute"},"schema":{"@context":"https:\/\/schema.org","@graph":[{"@type":"WebPage","@id":"http:\/\/4dent.ro\/pagina-exemplu\/","url":"http:\/\/4dent.ro\/pagina-exemplu\/","name":"Pagin\u0103 exemplu - 4dent.ro","isPartOf":{"@id":"http:\/\/4dent.ro\/#website"},"datePublished":"2015-12-20T09:58:08+00:00","dateModified":"2015-12-20T09:58:08+00:00","breadcrumb":{"@id":"http:\/\/4dent.ro\/pagina-exemplu\/#breadcrumb"},"inLanguage":"en-US","potentialAction":[{"@type":"ReadAction","target":["http:\/\/4dent.ro\/pagina-exemplu\/"]}]},{"@type":"BreadcrumbList","@id":"http:\/\/4dent.ro\/pagina-exemplu\/#breadcrumb","itemListElement":[{"@type":"ListItem","position":1,"name":"Prima pagin\u0103","item":"http:\/\/4dent.ro\/"},{"@type":"ListItem","position":2,"name":"Pagin\u0103 exemplu"}]},{"@type":"WebSite","@id":"http:\/\/4dent.ro\/#website","url":"http:\/\/4dent.ro\/","name":"4dent.ro","description":"Pentru un zambet stralucitor!","potentialAction":[{"@type":"SearchAction","target":{"@type":"EntryPoint","urlTemplate":"http:\/\/4dent.ro\/?s={search_term_string}"},"query-input":"required name=search_term_string"}],"inLanguage":"en-US"}]}},"_links":{"self":[{"href":"http:\/\/4dent.ro\/en\/wp-json\/wp\/v2\/pages\/2","targetHints":{"allow":["GET"]}}],"collection":[{"href":"http:\/\/4dent.ro\/en\/wp-json\/wp\/v2\/pages"}],"about":[{"href":"http:\/\/4dent.ro\/en\/wp-json\/wp\/v2\/types\/page"}],"author":[{"embeddable":true,"href":"http:\/\/4dent.ro\/en\/wp-json\/wp\/v2\/users\/1"}],"replies":[{"embeddable":true,"href":"http:\/\/4dent.ro\/en\/wp-json\/wp\/v2\/comments?post=2"}],"version-history":[{"count":0,"href":"http:\/\/4dent.ro\/en\/wp-json\/wp\/v2\/pages\/2\/revisions"}],"wp:attachment":[{"href":"http:\/\/4dent.ro\/en\/wp-json\/wp\/v2\/media?parent=2"}],"curies":[{"name":"wp","href":"https:\/\/api.w.org\/{rel}","templated":true}]}}